{"id":11912,"date":"2026-04-16T13:51:15","date_gmt":"2026-04-16T17:51:15","guid":{"rendered":"https:\/\/bspcorp.co\/?page_id=11912"},"modified":"2026-04-16T14:27:25","modified_gmt":"2026-04-16T18:27:25","slug":"raja-kanna-piran-l","status":"publish","type":"page","link":"https:\/\/bspcorp.co\/en\/team\/raja-kanna-piran-l\/","title":{"rendered":"Raja Kanna Piran L"},"content":{"rendered":"<p><div class=\"fusion-fullwidth fullwidth-box fusion-builder-row-1 fusion-flex-container has-pattern-background has-mask-background nonhundred-percent-fullwidth non-hundred-percent-height-scrolling\" style=\"--awb-background-position:right bottom;--awb-border-radius-top-left:0px;--awb-border-radius-top-right:0px;--awb-border-radius-bottom-right:0px;--awb-border-radius-bottom-left:0px;--awb-padding-top:66px;--awb-padding-bottom:70px;--awb-padding-top-medium:40px;--awb-padding-right-medium:20px;--awb-padding-left-medium:20px;--awb-padding-top-small:70px;--awb-padding-right-small:37px;--awb-padding-bottom-small:60px;--awb-padding-left-small:35px;--awb-background-image:linear-gradient(270deg, var(--awb-color7) 0%,var(--awb-custom_color_2) 67%);--awb-flex-wrap:wrap;\" ><div class=\"awb-background-mask\" style=\"background-image:  url(data:image\/svg+xml;utf8,%3Csvg%20width%3D%221920%22%20height%3D%22954%22%20fill%3D%22none%22%20xmlns%3D%22http%3A%2F%2Fwww.w3.org%2F2000%2Fsvg%22%3E%3Cg%20clip-path%3D%22url%28%23prefix__clip0_58_745%29%22%20fill%3D%22rgba%28255%2C255%2C255%2C1%29%22%3E%3Cpath%20d%3D%22M250.018-408.977c69.019-18.494%20142.66%201.238%20193.185%2051.763L718.31-82.107c50.525%2050.525%2070.258%20124.167%2051.764%20193.185L669.378%20486.881c-18.493%2069.019-72.403%20122.928-141.421%20141.422L152.154%20728.999c-69.019%2018.493-142.66-1.239-193.186-51.764l-275.106-275.107c-50.525-50.525-70.258-124.167-51.764-193.185l100.696-375.803c18.493-69.018%2072.403-122.928%20141.421-141.421l375.803-100.696zM1646.73%201264.15c33.13%208.88%2068.48-.59%2092.73-24.84l147.89-147.89a96.031%2096.031%200%200024.85-92.732l-54.13-202.022a96.012%2096.012%200%2000-67.89-67.882l-202.02-54.132c-33.13-8.877-68.47.595-92.73%2024.847l-147.89%20147.89a95.994%2095.994%200%2000-24.84%2092.729l54.13%20202.022a95.967%2095.967%200%200067.88%2067.88l202.02%2054.13zM1572.48%20252.659a23.996%2023.996%200%200023.18%206.211l50.5-13.533a23.97%2023.97%200%200016.97-16.97l13.54-50.506a24.004%2024.004%200%2000-6.21-23.182l-36.98-36.973a23.993%2023.993%200%2000-23.18-6.211l-50.5%2013.533a24%2024%200%2000-16.98%2016.97l-13.53%2050.506a24.004%2024.004%200%20006.21%2023.182l36.98%2036.973z%22%2F%3E%3C%2Fg%3E%3Cdefs%3E%3CclipPath%20id%3D%22prefix__clip0_58_745%22%3E%3Cpath%20fill%3D%22%23fff%22%20d%3D%22M0%200h1920v954H0z%22%2F%3E%3C%2FclipPath%3E%3C%2Fdefs%3E%3C%2Fsvg%3E);opacity: 0.5 ;mix-blend-mode:overlay;\"><\/div><div class=\"fusion-builder-row fusion-row fusion-flex-align-items-flex-start fusion-flex-content-wrap\" style=\"max-width:1372.8px;margin-left: calc(-4% \/ 2 );margin-right: calc(-4% \/ 2 );\"><div class=\"fusion-layout-column fusion_builder_column fusion-builder-column-0 fusion_builder_column_3_5 3_5 fusion-flex-column fusion-flex-align-self-center\" style=\"--awb-bg-size:cover;--awb-width-large:60%;--awb-margin-top-large:20px;--awb-spacing-right-large:3.2%;--awb-margin-bottom-large:20px;--awb-spacing-left-large:3.2%;--awb-width-medium:60%;--awb-order-medium:0;--awb-spacing-right-medium:3.2%;--awb-spacing-left-medium:3.2%;--awb-width-small:100%;--awb-order-small:1;--awb-margin-top-small:27px;--awb-spacing-right-small:1.92%;--awb-spacing-left-small:1.92%;\"><div class=\"fusion-column-wrapper fusion-column-has-shadow fusion-flex-justify-content-flex-start fusion-content-layout-column\"><div class=\"fusion-title title fusion-title-1 fusion-sep-none fusion-title-text fusion-title-size-one\" style=\"--awb-text-color:var(--awb-color1);--awb-margin-top:0px;--awb-margin-bottom:0px;--awb-margin-top-small:12px;--awb-margin-right-small:0px;--awb-margin-bottom-small:10px;--awb-margin-left-small:0px;\"><h1 class=\"fusion-title-heading title-heading-left fusion-responsive-typography-calculated\" style=\"margin:0;--fontSize:60;line-height:var(--awb-typography1-line-height);\">Raja Kanna Piran L<\/h1><\/div><div class=\"fusion-text fusion-text-1 sm-text-align-left fusion-text-no-margin\" style=\"--awb-font-size:24px;--awb-text-color:var(--awb-color1);--awb-margin-top:0px;--awb-margin-bottom:0px;\"><p>Analyste-d\u00e9veloppeur senior<\/p>\n<\/div><div class=\"fusion-separator\" style=\"align-self: flex-start;margin-right:auto;margin-top:25px;width:100%;max-width:40px;\"><div class=\"fusion-separator-border sep-single sep-solid\" style=\"--awb-height:20px;--awb-amount:20px;--awb-sep-color:rgba(255,255,255,0.7);border-color:rgba(255,255,255,0.7);border-top-width:1px;\"><\/div><\/div><div class=\"fusion-text fusion-text-2 sm-text-align-left\" style=\"--awb-font-size:18px;--awb-text-color:var(--awb-color1);--awb-margin-top:40px;\"><p><span style=\"font-weight: 400;\">Je suis les principes du Dr A.P.J. Abdul Kalam, en mettant fortement l&#8217;accent sur le travail acharn\u00e9, l&#8217;apprentissage continu et le maintien d&#8217;un sens clair de la finalit\u00e9 dans tout ce que j&#8217;entreprends.<\/span><\/p>\n<\/div><div class=\"fusion-social-links fusion-social-links-1\" style=\"--awb-margin-top:20px;--awb-margin-right:0px;--awb-margin-bottom:0px;--awb-margin-left:0px;--awb-box-border-top:0px;--awb-box-border-right:0px;--awb-box-border-bottom:0px;--awb-box-border-left:0px;--awb-icon-colors-hover:rgba(0,0,0,0.8);--awb-box-colors-hover:rgba(244,244,246,0.8);--awb-box-border-color:var(--awb-color3);--awb-box-border-color-hover:var(--awb-color4);--awb-alignment-small:left;\"><div class=\"fusion-social-networks boxed-icons color-type-brand\"><div class=\"fusion-social-networks-wrapper\"><a class=\"fusion-social-network-icon fusion-tooltip fusion-linkedin awb-icon-linkedin\" style=\"color:#ffffff;font-size:18px;width:18px;background-color:#0077b5;border-color:#0077b5;border-radius:24px;\" data-placement=\"top\" data-title=\"LinkedIn\" data-toggle=\"tooltip\" title=\"LinkedIn\" aria-label=\"linkedin\" target=\"_blank\" rel=\"noopener noreferrer\" href=\"https:\/\/www.linkedin.com\/in\/rajakannapiran\/\"><\/a><\/div><\/div><\/div><\/div><\/div><div class=\"fusion-layout-column fusion_builder_column fusion-builder-column-1 fusion_builder_column_2_5 2_5 fusion-flex-column\" style=\"--awb-overflow:hidden;--awb-bg-color:var(--awb-color1);--awb-bg-color-hover:var(--awb-color1);--awb-bg-image:linear-gradient(180deg, var(--awb-color1) 0%,var(--awb-color1) 100%);--awb-bg-size:cover;--awb-border-radius:25px 25px 25px 25px;--awb-width-large:40%;--awb-margin-top-large:0px;--awb-spacing-right-large:4.8%;--awb-margin-bottom-large:0px;--awb-spacing-left-large:4.8%;--awb-width-medium:40%;--awb-order-medium:0;--awb-spacing-right-medium:4.8%;--awb-spacing-left-medium:4.8%;--awb-width-small:60%;--awb-order-small:0;--awb-spacing-right-small:3.2%;--awb-spacing-left-small:3.2%;\"><div class=\"fusion-column-wrapper fusion-column-has-shadow fusion-flex-justify-content-flex-start fusion-content-layout-column\"><div class=\"fusion-image-element \" style=\"text-align:center;--awb-aspect-ratio:1 \/ 1;--awb-object-position:47% 100%;--awb-caption-title-font-family:var(--h2_typography-font-family);--awb-caption-title-font-weight:var(--h2_typography-font-weight);--awb-caption-title-font-style:var(--h2_typography-font-style);--awb-caption-title-size:var(--h2_typography-font-size);--awb-caption-title-transform:var(--h2_typography-text-transform);--awb-caption-title-line-height:var(--h2_typography-line-height);--awb-caption-title-letter-spacing:var(--h2_typography-letter-spacing);\"><span class=\" fusion-imageframe imageframe-none imageframe-1 hover-type-none has-aspect-ratio\" style=\"border-radius:25px;\"><img decoding=\"async\" width=\"750\" height=\"750\" title=\"raja\" src=\"https:\/\/bspcorp.co\/gestion\/wp-content\/uploads\/2026\/04\/raja.jpg\" data-orig-src=\"https:\/\/bspcorp.co\/gestion\/wp-content\/uploads\/2026\/04\/raja.jpg\" class=\"lazyload img-responsive wp-image-11909 img-with-aspect-ratio\" data-parent-fit=\"cover\" data-parent-container=\".fusion-image-element\" alt srcset=\"data:image\/svg+xml,%3Csvg%20xmlns%3D%27http%3A%2F%2Fwww.w3.org%2F2000%2Fsvg%27%20width%3D%27750%27%20height%3D%27750%27%20viewBox%3D%270%200%20750%20750%27%3E%3Crect%20width%3D%27750%27%20height%3D%27750%27%20fill-opacity%3D%220%22%2F%3E%3C%2Fsvg%3E\" data-srcset=\"https:\/\/bspcorp.co\/gestion\/wp-content\/uploads\/2026\/04\/raja-200x200.jpg 200w, https:\/\/bspcorp.co\/gestion\/wp-content\/uploads\/2026\/04\/raja-400x400.jpg 400w, https:\/\/bspcorp.co\/gestion\/wp-content\/uploads\/2026\/04\/raja-600x600.jpg 600w, https:\/\/bspcorp.co\/gestion\/wp-content\/uploads\/2026\/04\/raja.jpg 750w\" data-sizes=\"auto\" data-orig-sizes=\"(max-width: 640px) 100vw, 600px\" \/><\/span><\/div><\/div><\/div><\/div><\/div><div class=\"fusion-fullwidth fullwidth-box fusion-builder-row-2 fusion-flex-container has-pattern-background has-mask-background nonhundred-percent-fullwidth non-hundred-percent-height-scrolling\" style=\"--awb-border-radius-top-left:0px;--awb-border-radius-top-right:0px;--awb-border-radius-bottom-right:0px;--awb-border-radius-bottom-left:0px;--awb-padding-top:46px;--awb-margin-top:40px;--awb-flex-wrap:wrap;\" ><div class=\"fusion-builder-row fusion-row fusion-flex-align-items-flex-start fusion-flex-justify-content-center fusion-flex-content-wrap\" style=\"max-width:1372.8px;margin-left: calc(-4% \/ 2 );margin-right: calc(-4% \/ 2 );\"><div class=\"fusion-layout-column fusion_builder_column fusion-builder-column-2 fusion_builder_column_3_4 3_4 fusion-flex-column\" style=\"--awb-bg-color:var(--awb-color1);--awb-bg-color-hover:var(--awb-color1);--awb-bg-size:cover;--awb-width-large:75%;--awb-margin-top-large:20px;--awb-spacing-right-large:2.56%;--awb-margin-bottom-large:20px;--awb-spacing-left-large:2.56%;--awb-width-medium:75%;--awb-order-medium:0;--awb-spacing-right-medium:2.56%;--awb-spacing-left-medium:2.56%;--awb-width-small:100%;--awb-order-small:0;--awb-spacing-right-small:1.92%;--awb-spacing-left-small:1.92%;\"><div class=\"fusion-column-wrapper fusion-column-has-shadow fusion-flex-justify-content-flex-start fusion-content-layout-column\"><div class=\"fusion-content-boxes content-boxes columns row fusion-columns-1 fusion-columns-total-4 fusion-content-boxes-1 content-boxes-icon-with-title content-left\" style=\"--awb-margin-bottom:0px;--awb-hover-accent-color:var(--awb-color5);--awb-circle-hover-accent-color:var(--awb-color5);--awb-item-margin-bottom:40px;\" data-animationOffset=\"top-into-view\"><div style=\"--awb-backgroundcolor:rgba(255,255,255,0);\" class=\"fusion-column content-box-column content-box-column content-box-column-1 col-lg-12 col-md-12 col-sm-12 fusion-content-box-hover content-box-column-last-in-row\"><div class=\"col content-box-wrapper content-wrapper link-area-link-icon content-icon-wrapper-yes icon-hover-animation-fade\" data-animationOffset=\"top-into-view\"><div class=\"heading heading-with-icon icon-left\"><div class=\"icon\"><span style=\"height:42px;width:42px;line-height:22px;border-color:rgba(255,255,255,0);border-width:1px;border-style:solid;background-color:var(--awb-color5);box-sizing:content-box;border-radius:50%;\"><i style=\"border-color:var(--awb-color5);border-width:1px;background-color:var(--awb-color5);box-sizing:content-box;height:40px;width:40px;line-height:40px;border-radius:50%;position:relative;top:auto;left:auto;margin:0;border-radius:50%;font-size:20px;\" aria-hidden=\"true\" class=\"fontawesome-icon fa-angle-right fas circle-yes\"><\/i><\/span><\/div><h2 class=\"content-box-heading fusion-responsive-typography-calculated\" style=\"--h2_typography-font-size:24px;--fontSize:24;line-height:1.14;\">Quel est votre r\u00f4le et que faites-vous chez BSP ?<\/h2><\/div><div class=\"fusion-clearfix\"><\/div><div class=\"content-container\">\n<p>J&#8217;exerce en tant que d\u00e9veloppeur Zoho et poss\u00e8de plus de cinq ans d&#8217;exp\u00e9rience dans la conception et la livraison de solutions personnalis\u00e9es de bout en bout au sein de l&#8217;\u00e9cosyst\u00e8me Zoho. Mon r\u00f4le consiste \u00e0 comprendre les besoins des clients, \u00e0 les traduire en applications \u00e9volutives et \u00e0 mettre en \u0153uvre des solutions \u00e0 l&#8217;aide de Zoho Creator, Zoho CRM, Zoho Books et d&#8217;autres applications Zoho.<\/p>\n<\/div><\/div><\/div><div style=\"--awb-backgroundcolor:rgba(255,255,255,0);\" class=\"fusion-column content-box-column content-box-column content-box-column-2 col-lg-12 col-md-12 col-sm-12 fusion-content-box-hover content-box-column-last-in-row\"><div class=\"col content-box-wrapper content-wrapper link-area-link-icon content-icon-wrapper-yes icon-hover-animation-fade\" data-animationOffset=\"top-into-view\"><div class=\"heading heading-with-icon icon-left\"><div class=\"icon\"><span style=\"height:42px;width:42px;line-height:22px;border-color:rgba(255,255,255,0);border-width:1px;border-style:solid;background-color:var(--awb-color5);box-sizing:content-box;border-radius:50%;\"><i style=\"border-color:var(--awb-color5);border-width:1px;background-color:var(--awb-color5);box-sizing:content-box;height:40px;width:40px;line-height:40px;border-radius:50%;position:relative;top:auto;left:auto;margin:0;border-radius:50%;font-size:20px;\" aria-hidden=\"true\" class=\"fontawesome-icon fa-angle-right fas circle-yes\"><\/i><\/span><\/div><h2 class=\"content-box-heading fusion-responsive-typography-calculated\" style=\"--h2_typography-font-size:24px;--fontSize:24;line-height:1.14;\">Qu'est-ce qui vous passionne le plus dans votre travail ?<\/h2><\/div><div class=\"fusion-clearfix\"><\/div><div class=\"content-container\">\n<p>Ce qui me passionne avant tout, c\u2019est de constater l\u2019impact concret de l\u2019automatisation sur le travail quotidien de nos clients. R\u00e9duire la charge de travail manuel \u2014 la faisant passer de pr\u00e8s de 100 % \u00e0 une simple fraction \u2014 permet non seulement d\u2019accro\u00eetre l\u2019efficacit\u00e9, mais apporte \u00e9galement un v\u00e9ritable soulagement aux \u00e9quipes que nous accompagnons. C\u2019est cette transformation qui me motive \u00e0 continuer d\u2019\u00e9laborer des solutions apportant une valeur significative \u00e0 leurs processus m\u00e9tier.<\/p>\n<\/div><\/div><\/div><div style=\"--awb-backgroundcolor:rgba(255,255,255,0);\" class=\"fusion-column content-box-column content-box-column content-box-column-3 col-lg-12 col-md-12 col-sm-12 fusion-content-box-hover content-box-column-last-in-row\"><div class=\"col content-box-wrapper content-wrapper link-area-link-icon content-icon-wrapper-yes icon-hover-animation-fade\" data-animationOffset=\"top-into-view\"><div class=\"heading heading-with-icon icon-left\"><div class=\"icon\"><span style=\"height:42px;width:42px;line-height:22px;border-color:rgba(255,255,255,0);border-width:1px;border-style:solid;background-color:var(--awb-color5);box-sizing:content-box;border-radius:50%;\"><i style=\"border-color:var(--awb-color5);border-width:1px;background-color:var(--awb-color5);box-sizing:content-box;height:40px;width:40px;line-height:40px;border-radius:50%;position:relative;top:auto;left:auto;margin:0;border-radius:50%;font-size:20px;\" aria-hidden=\"true\" class=\"fontawesome-icon fa-angle-right fas circle-yes\"><\/i><\/span><\/div><h2 class=\"content-box-heading fusion-responsive-typography-calculated\" style=\"--h2_typography-font-size:24px;--fontSize:24;line-height:1.14;\">Quel est le fait surprenant que les gens ne connaissent peut-\u00eatre pas \u00e0 votre sujet ?<\/h2><\/div><div class=\"fusion-clearfix\"><\/div><div class=\"content-container\">\n<p>Un fait surprenant \u00e0 mon sujet est que je suis un passionn\u00e9 d&#8217;automobile. Conduire m&#8217;aide \u00e0 me d\u00e9tendre et \u00e0 me ressourcer, tout particuli\u00e8rement lors de longs trajets sur des routes de montagne ; cela m&#8217;apporte un sentiment de calme et me permet de faire le vide. J&#8217;aime \u00e9galement la musculation et j&#8217;aime me lancer des d\u00e9fis en soulevant des charges lourdes, m\u00eame si ce n&#8217;est pas quelque chose que l&#8217;on attendrait imm\u00e9diatement de ma part.<\/p>\n<\/div><\/div><\/div><div style=\"--awb-backgroundcolor:rgba(255,255,255,0);\" class=\"fusion-column content-box-column content-box-column content-box-column-4 col-lg-12 col-md-12 col-sm-12 fusion-content-box-hover content-box-column-last content-box-column-last-in-row\"><div class=\"col content-box-wrapper content-wrapper link-area-link-icon content-icon-wrapper-yes icon-hover-animation-fade\" data-animationOffset=\"top-into-view\"><div class=\"heading heading-with-icon icon-left\"><div class=\"icon\"><span style=\"height:42px;width:42px;line-height:22px;border-color:rgba(255,255,255,0);border-width:1px;border-style:solid;background-color:var(--awb-color5);box-sizing:content-box;border-radius:50%;\"><i style=\"border-color:var(--awb-color5);border-width:1px;background-color:var(--awb-color5);box-sizing:content-box;height:40px;width:40px;line-height:40px;border-radius:50%;position:relative;top:auto;left:auto;margin:0;border-radius:50%;font-size:20px;\" aria-hidden=\"true\" class=\"fontawesome-icon fa-angle-right fas circle-yes\"><\/i><\/span><\/div><h2 class=\"content-box-heading fusion-responsive-typography-calculated\" style=\"--h2_typography-font-size:24px;--fontSize:24;line-height:1.14;\">Qu'aimez-vous faire lorsque vous ne travaillez pas ?<\/h2><\/div><div class=\"fusion-clearfix\"><\/div><div class=\"content-container\">\n<p>En dehors du travail, j&#8217;aime regarder Netflix, en particulier des films de science-fiction et des thrillers. J&#8217;appr\u00e9cie \u00e9galement de passer du temps de qualit\u00e9 avec ma m\u00e8re et mes amis, ce qui m&#8217;aide \u00e0 me d\u00e9tendre et \u00e0 garder le lien.<\/p>\n<\/div><\/div><\/div><div class=\"fusion-clearfix\"><\/div><\/div><\/div><\/div><\/div><\/div><\/p>\n","protected":false},"excerpt":{"rendered":"","protected":false},"author":5,"featured_media":0,"parent":9438,"menu_order":0,"comment_status":"closed","ping_status":"closed","template":"100-width.php","meta":{"footnotes":""},"class_list":["post-11912","page","type-page","status-publish","hentry"],"yoast_head":"<!-- This site is optimized with the Yoast SEO plugin v27.1.1 - https:\/\/yoast.com\/product\/yoast-seo-wordpress\/ -->\n<title>Raja Kanna Piran L - BSP | Zoho Premium Partner<\/title>\n<meta name=\"robots\" content=\"index, follow, max-snippet:-1, max-image-preview:large, max-video-preview:-1\" \/>\n<link rel=\"canonical\" href=\"https:\/\/bspcorp.co\/en\/team\/raja-kanna-piran-l\/\" \/>\n<meta property=\"og:locale\" content=\"en_US\" \/>\n<meta property=\"og:type\" content=\"article\" \/>\n<meta property=\"og:title\" content=\"Raja Kanna Piran L - BSP | Zoho Premium Partner\" \/>\n<meta property=\"og:url\" content=\"https:\/\/bspcorp.co\/en\/team\/raja-kanna-piran-l\/\" \/>\n<meta property=\"og:site_name\" content=\"BSP | Zoho Premium Partner\" \/>\n<meta property=\"article:publisher\" content=\"https:\/\/www.facebook.com\/gestionbsp\" \/>\n<meta property=\"article:modified_time\" content=\"2026-04-16T18:27:25+00:00\" \/>\n<meta name=\"twitter:card\" content=\"summary_large_image\" \/>\n<meta name=\"twitter:site\" content=\"@BspGestion\" \/>\n<meta name=\"twitter:label1\" content=\"Est. reading time\" \/>\n\t<meta name=\"twitter:data1\" content=\"2 minutes\" \/>\n<script type=\"application\/ld+json\" class=\"yoast-schema-graph\">{\"@context\":\"https:\/\/schema.org\",\"@graph\":[{\"@type\":\"WebPage\",\"@id\":\"https:\/\/bspcorp.co\/en\/team\/raja-kanna-piran-l\/\",\"url\":\"https:\/\/bspcorp.co\/en\/team\/raja-kanna-piran-l\/\",\"name\":\"Raja Kanna Piran L - BSP | Zoho Premium Partner\",\"isPartOf\":{\"@id\":\"https:\/\/bspcorp.co\/en\/#website\"},\"datePublished\":\"2026-04-16T17:51:15+00:00\",\"dateModified\":\"2026-04-16T18:27:25+00:00\",\"breadcrumb\":{\"@id\":\"https:\/\/bspcorp.co\/en\/team\/raja-kanna-piran-l\/#breadcrumb\"},\"inLanguage\":\"en-US\",\"potentialAction\":[{\"@type\":\"ReadAction\",\"target\":[\"https:\/\/bspcorp.co\/en\/team\/raja-kanna-piran-l\/\"]}]},{\"@type\":\"BreadcrumbList\",\"@id\":\"https:\/\/bspcorp.co\/en\/team\/raja-kanna-piran-l\/#breadcrumb\",\"itemListElement\":[{\"@type\":\"ListItem\",\"position\":1,\"name\":\"Accueil\",\"item\":\"https:\/\/bspcorp.co\/en\/\"},{\"@type\":\"ListItem\",\"position\":2,\"name\":\"Team\",\"item\":\"https:\/\/bspcorp.co\/en\/team\/\"},{\"@type\":\"ListItem\",\"position\":3,\"name\":\"Raja Kanna Piran L\"}]},{\"@type\":\"WebSite\",\"@id\":\"https:\/\/bspcorp.co\/en\/#website\",\"url\":\"https:\/\/bspcorp.co\/en\/\",\"name\":\"BSP | Zoho partenaire premium\",\"description\":\"\",\"publisher\":{\"@id\":\"https:\/\/bspcorp.co\/en\/#organization\"},\"alternateName\":\"BSP | Zoho partenaire premium\",\"potentialAction\":[{\"@type\":\"SearchAction\",\"target\":{\"@type\":\"EntryPoint\",\"urlTemplate\":\"https:\/\/bspcorp.co\/en\/?s={search_term_string}\"},\"query-input\":{\"@type\":\"PropertyValueSpecification\",\"valueRequired\":true,\"valueName\":\"search_term_string\"}}],\"inLanguage\":\"en-US\"},{\"@type\":\"Organization\",\"@id\":\"https:\/\/bspcorp.co\/en\/#organization\",\"name\":\"BSP | Zoho partenaire premium\",\"url\":\"https:\/\/bspcorp.co\/en\/\",\"logo\":{\"@type\":\"ImageObject\",\"inLanguage\":\"en-US\",\"@id\":\"https:\/\/bspcorp.co\/en\/#\/schema\/logo\/image\/\",\"url\":\"https:\/\/bspcorp.co\/gestion\/wp-content\/uploads\/2022\/11\/bsp-logo.png\",\"contentUrl\":\"https:\/\/bspcorp.co\/gestion\/wp-content\/uploads\/2022\/11\/bsp-logo.png\",\"width\":73,\"height\":44,\"caption\":\"BSP | Zoho partenaire premium\"},\"image\":{\"@id\":\"https:\/\/bspcorp.co\/en\/#\/schema\/logo\/image\/\"},\"sameAs\":[\"https:\/\/www.facebook.com\/gestionbsp\",\"https:\/\/x.com\/BspGestion\"]}]}<\/script>\n<!-- \/ Yoast SEO plugin. -->","yoast_head_json":{"title":"Raja Kanna Piran L - BSP | Zoho Premium Partner","robots":{"index":"index","follow":"follow","max-snippet":"max-snippet:-1","max-image-preview":"max-image-preview:large","max-video-preview":"max-video-preview:-1"},"canonical":"https:\/\/bspcorp.co\/en\/team\/raja-kanna-piran-l\/","og_locale":"en_US","og_type":"article","og_title":"Raja Kanna Piran L - BSP | Zoho Premium Partner","og_url":"https:\/\/bspcorp.co\/en\/team\/raja-kanna-piran-l\/","og_site_name":"BSP | Zoho Premium Partner","article_publisher":"https:\/\/www.facebook.com\/gestionbsp","article_modified_time":"2026-04-16T18:27:25+00:00","twitter_card":"summary_large_image","twitter_site":"@BspGestion","twitter_misc":{"Est. reading time":"2 minutes"},"schema":{"@context":"https:\/\/schema.org","@graph":[{"@type":"WebPage","@id":"https:\/\/bspcorp.co\/en\/team\/raja-kanna-piran-l\/","url":"https:\/\/bspcorp.co\/en\/team\/raja-kanna-piran-l\/","name":"Raja Kanna Piran L - BSP | Zoho Premium Partner","isPartOf":{"@id":"https:\/\/bspcorp.co\/en\/#website"},"datePublished":"2026-04-16T17:51:15+00:00","dateModified":"2026-04-16T18:27:25+00:00","breadcrumb":{"@id":"https:\/\/bspcorp.co\/en\/team\/raja-kanna-piran-l\/#breadcrumb"},"inLanguage":"en-US","potentialAction":[{"@type":"ReadAction","target":["https:\/\/bspcorp.co\/en\/team\/raja-kanna-piran-l\/"]}]},{"@type":"BreadcrumbList","@id":"https:\/\/bspcorp.co\/en\/team\/raja-kanna-piran-l\/#breadcrumb","itemListElement":[{"@type":"ListItem","position":1,"name":"Accueil","item":"https:\/\/bspcorp.co\/en\/"},{"@type":"ListItem","position":2,"name":"Team","item":"https:\/\/bspcorp.co\/en\/team\/"},{"@type":"ListItem","position":3,"name":"Raja Kanna Piran L"}]},{"@type":"WebSite","@id":"https:\/\/bspcorp.co\/en\/#website","url":"https:\/\/bspcorp.co\/en\/","name":"BSP | Zoho partenaire premium","description":"","publisher":{"@id":"https:\/\/bspcorp.co\/en\/#organization"},"alternateName":"BSP | Zoho partenaire premium","potentialAction":[{"@type":"SearchAction","target":{"@type":"EntryPoint","urlTemplate":"https:\/\/bspcorp.co\/en\/?s={search_term_string}"},"query-input":{"@type":"PropertyValueSpecification","valueRequired":true,"valueName":"search_term_string"}}],"inLanguage":"en-US"},{"@type":"Organization","@id":"https:\/\/bspcorp.co\/en\/#organization","name":"BSP | Zoho partenaire premium","url":"https:\/\/bspcorp.co\/en\/","logo":{"@type":"ImageObject","inLanguage":"en-US","@id":"https:\/\/bspcorp.co\/en\/#\/schema\/logo\/image\/","url":"https:\/\/bspcorp.co\/gestion\/wp-content\/uploads\/2022\/11\/bsp-logo.png","contentUrl":"https:\/\/bspcorp.co\/gestion\/wp-content\/uploads\/2022\/11\/bsp-logo.png","width":73,"height":44,"caption":"BSP | Zoho partenaire premium"},"image":{"@id":"https:\/\/bspcorp.co\/en\/#\/schema\/logo\/image\/"},"sameAs":["https:\/\/www.facebook.com\/gestionbsp","https:\/\/x.com\/BspGestion"]}]}},"_links":{"self":[{"href":"https:\/\/bspcorp.co\/en\/wp-json\/wp\/v2\/pages\/11912","targetHints":{"allow":["GET"]}}],"collection":[{"href":"https:\/\/bspcorp.co\/en\/wp-json\/wp\/v2\/pages"}],"about":[{"href":"https:\/\/bspcorp.co\/en\/wp-json\/wp\/v2\/types\/page"}],"author":[{"embeddable":true,"href":"https:\/\/bspcorp.co\/en\/wp-json\/wp\/v2\/users\/5"}],"replies":[{"embeddable":true,"href":"https:\/\/bspcorp.co\/en\/wp-json\/wp\/v2\/comments?post=11912"}],"version-history":[{"count":6,"href":"https:\/\/bspcorp.co\/en\/wp-json\/wp\/v2\/pages\/11912\/revisions"}],"predecessor-version":[{"id":11932,"href":"https:\/\/bspcorp.co\/en\/wp-json\/wp\/v2\/pages\/11912\/revisions\/11932"}],"up":[{"embeddable":true,"href":"https:\/\/bspcorp.co\/en\/wp-json\/wp\/v2\/pages\/9438"}],"wp:attachment":[{"href":"https:\/\/bspcorp.co\/en\/wp-json\/wp\/v2\/media?parent=11912"}],"curies":[{"name":"wp","href":"https:\/\/api.w.org\/{rel}","templated":true}]}}